{"id":618,"date":"2019-03-21T10:07:17","date_gmt":"2019-03-21T09:07:17","guid":{"rendered":"http:\/\/shtheme.com\/demosd\/sassnex\/?page_id=239"},"modified":"2020-09-20T20:26:57","modified_gmt":"2020-09-20T18:26:57","slug":"accueil","status":"publish","type":"page","link":"https:\/\/blog.cfpco.fr\/","title":{"rendered":"Accueil"},"content":{"rendered":"<div class=\"vce-row-container\"><div class=\"vce-row vce-row--col-gap-30 vce-row-columns--top vce-row-content--top\" id=\"el-37697b6f\" data-vce-do-apply=\"all el-37697b6f\"><div class=\"vce-row-content\" data-vce-element-content=\"true\"><div class=\"vce-col vce-col--md-auto vce-col--xs-1 vce-col--xs-last vce-col--xs-first vce-col--sm-last vce-col--sm-first vce-col--md-last vce-col--lg-last vce-col--xl-last vce-col--md-first vce-col--lg-first vce-col--xl-first\" id=\"el-5dab25ad\"><div class=\"vce-col-inner\" data-vce-do-apply=\"border margin background  el-5dab25ad\"><div class=\"vce-col-content\" data-vce-element-content=\"true\" data-vce-do-apply=\"padding el-5dab25ad\"><div class=\"vce-text-block\"><div class=\"vce-text-block-wrapper vce\" id=\"el-1d70cdf9\" data-vce-do-apply=\"all el-1d70cdf9\"><p> \n    <div id=\"intro_detault\" class=\"mheader\">\n        <div class=\"intro_wrapper\">\n            <div class=\"container\">  \n                <div class=\"row\">        \n                    <div class=\"col-sm-12 col-md-12 col-lg-6\">\n                        <div class=\"intro_text\">\n                            <h1 class=\"wow fadeInUp\" data-wow-duration=\"2s\" data-wow-delay=\".2s\">Nos derni\u00e8res actualit\u00e9s<\/h1>\n                            <p class=\"wow fadeInUp\" data-wow-duration=\"2s\" data-wow-delay=\".3s\">Actualisation des connaissances sur la prise en charge de la douleur par les th\u00e9rapies manuelles<\/p>\n                            <div class=\"intro_button d-flex wow fadeInUp\" data-wow-duration=\"2s\" data-wow-delay=\".3s\">\n                                <a href=\"https:\/\/blog.cfpco.fr\/index.php\/blog\/\" class=\"nav-link active\">Notre blog<\/a>\n                                <a href=\"http:\/\/blog.cfpco.fr\/index.php\/team-page\/\" class=\"nav-link\">L'\u00e9quipe p\u00e9dagogique<\/a>\n                            <\/div>\n                        <\/div>\n                    <\/div>\n                    <div class=\"col-sm-12 col-md-12 col-lg-6\">\n                        <div class=\"intro_banner wow fadeInRight animated\" data-wow-duration=\"2s\" data-wow-delay=\".2s\">\n                           <img src=\"https:\/\/blog.cfpco.fr\/wp-content\/uploads\/2019\/04\/m_banner-e1600627205606.png\" alt=\"\" >\n                        <\/div>\n                    <\/div>\n                <\/div>\n            <\/div> \n        <\/div>  \n        <div class=\"banner_shapes\">\n            <img src=\"https:\/\/blog.cfpco.fr\/wp-content\/themes\/sassnex\/images\/shapes\/m_banner_1.png\" alt=\"\" class=\"m_banner_1\">\n            <img src=\"https:\/\/blog.cfpco.fr\/wp-content\/themes\/sassnex\/images\/shapes\/m_banner_2.png\" alt=\"\" class=\"m_banner_2\">\n        <\/div>\n    <\/div>   \n \n\n    <section class=\"team\">\n        <div class=\"container\">  \n            <div class=\"row\">        \n                <div class=\"col-sm-12 col-md-12 col-lg-12\">\n                    <div class=\"sub_title  wow fadeInUp animated\" data-wow-duration=\"2s\" data-wow-delay=\".2s\">\n                        <h2>L'\u00e9quipe du CFPCO<\/h2>\n                        <p>Notre \u00e9quipe p\u00e9dagogique est constitu\u00e9e de professionnels mondialement reconnus qui apportent un autre regard sur les pratiques ainsi que de nouvelles solutions th\u00e9rapeutiques.<br><\/p>\n                    <\/div>\n                <\/div>\n            <\/div>\n\n            <div class=\"row\"> \n                <div class=\"team_wrapper_items col-12 col-md-12 col-lg-12 p-0 d-flex justify-content-between\">\n\n                     \n                \n                    <div class=\"signel_team  wow fadeInUp animated\" data-wow-duration=\"2s\" data-wow-delay=\".5s\">\n                        <div class=\"team_pro\">\n                            <img src=\"https:\/\/blog.cfpco.fr\/wp-content\/uploads\/2020\/09\/cfpco_team_mathieu.png\" alt=\"\">\n                        <\/div>\n                        <h3><a href=\"\" title=\"\">Mathieu Schlachet<\/a><\/h3>\n                        <span class=\"sub_title\">Directeur du CFPCO<\/span>\n                        <ul class=\"social_iocns d-flex justify-content-center\">\n                            <li><a href=\"https:\/\/fr-fr.facebook.com\/mathieu.schlachet\"><i class=\"flaticon-facebook-logo icon_tw\"><\/i><\/a><\/li>\n                            <li><a href=\"https:\/\/twitter.com\/CFPCO\"><i class=\"flaticon-twitter icon_fb\"><\/i><\/a><\/li>\n                            <li><a href=\"https:\/\/www.instagram.com\/mat.schlachet\/\"><i class=\"flaticon-instagram-logo icon_pin\"><\/i><\/a><\/li>\n                            <li><a href=\"https:\/\/www.linkedin.com\/in\/mathieu-schlachet-42401988\/\"><i class=\"flaticon-linkedin-logo icon_link\"><\/i><\/a><\/li>\n                        <\/ul>\n                    <\/div>\n\n                     \n                \n                    <div class=\"signel_team  wow fadeInUp animated\" data-wow-duration=\"2s\" data-wow-delay=\".5s\">\n                        <div class=\"team_pro\">\n                            <img src=\"https:\/\/blog.cfpco.fr\/wp-content\/uploads\/2019\/03\/cfpco_team_karine.png\" alt=\"\">\n                        <\/div>\n                        <h3><a href=\"\" title=\"\">Karine Michelle<\/a><\/h3>\n                        <span class=\"sub_title\">Team CFPCO<\/span>\n                        <ul class=\"social_iocns d-flex justify-content-center\">\n                            <li><a href=\"https:\/\/fr-fr.facebook.com\/cfpco\/\"><i class=\"flaticon-facebook-logo icon_tw\"><\/i><\/a><\/li>\n                            <li><a href=\"https:\/\/twitter.com\/CFPCO\"><i class=\"flaticon-twitter icon_fb\"><\/i><\/a><\/li>\n                            <li><a href=\"https:\/\/www.instagram.com\/cfpco\/\"><i class=\"flaticon-instagram-logo icon_pin\"><\/i><\/a><\/li>\n                            <li><a href=\"https:\/\/www.linkedin.com\/company\/cfpco\/about\/\"><i class=\"flaticon-linkedin-logo icon_link\"><\/i><\/a><\/li>\n                        <\/ul>\n                    <\/div>\n\n                     \n                \n                    <div class=\"signel_team  wow fadeInUp animated\" data-wow-duration=\"2s\" data-wow-delay=\".5s\">\n                        <div class=\"team_pro\">\n                            <img src=\"https:\/\/blog.cfpco.fr\/wp-content\/uploads\/2019\/03\/cfpco_team_laurent_fabre.png\" alt=\"\">\n                        <\/div>\n                        <h3><a href=\"\" title=\"\">Laurent Fabre<\/a><\/h3>\n                        <span class=\"sub_title\">Ost\u00e9opathe<\/span>\n                        <ul class=\"social_iocns d-flex justify-content-center\">\n                            <li><a href=\"https:\/\/fr-fr.facebook.com\/cfpco\/\"><i class=\"flaticon-facebook-logo icon_tw\"><\/i><\/a><\/li>\n                            <li><a href=\"https:\/\/twitter.com\/CFPCO\"><i class=\"flaticon-twitter icon_fb\"><\/i><\/a><\/li>\n                            <li><a href=\"https:\/\/www.instagram.com\/cfpco\/\"><i class=\"flaticon-instagram-logo icon_pin\"><\/i><\/a><\/li>\n                            <li><a href=\"https:\/\/www.linkedin.com\/company\/cfpco\/about\/\"><i class=\"flaticon-linkedin-logo icon_link\"><\/i><\/a><\/li>\n                        <\/ul>\n                    <\/div>\n\n                     \n                \n                    <div class=\"signel_team  wow fadeInUp animated\" data-wow-duration=\"2s\" data-wow-delay=\".5s\">\n                        <div class=\"team_pro\">\n                            <img src=\"https:\/\/blog.cfpco.fr\/wp-content\/uploads\/2019\/03\/cfpco_team_erwann_fabre.png\" alt=\"\">\n                        <\/div>\n                        <h3><a href=\"\" title=\"\">Erwann Fabre<\/a><\/h3>\n                        <span class=\"sub_title\">Ost\u00e9opathe<\/span>\n                        <ul class=\"social_iocns d-flex justify-content-center\">\n                            <li><a href=\"https:\/\/fr-fr.facebook.com\/cfpco\/\"><i class=\"flaticon-facebook-logo icon_tw\"><\/i><\/a><\/li>\n                            <li><a href=\"https:\/\/twitter.com\/CFPCO\"><i class=\"flaticon-twitter icon_fb\"><\/i><\/a><\/li>\n                            <li><a href=\"https:\/\/www.instagram.com\/cfpco\/\"><i class=\"flaticon-instagram-logo icon_pin\"><\/i><\/a><\/li>\n                            <li><a href=\"https:\/\/www.linkedin.com\/company\/cfpco\/about\/\"><i class=\"flaticon-linkedin-logo icon_link\"><\/i><\/a><\/li>\n                        <\/ul>\n                    <\/div>\n\n                    \n                <\/div>\n               <div class=\"col-12 col-md-12 col-lg-12 p-0\">\n                    <div class=\"meet_all_parson\">\n                        <a href=\"https:\/\/blog.cfpco.fr\/index.php\/team-page\/\" title=\"\">Tous les enseignants <img src=\"https:\/\/blog.cfpco.fr\/wp-content\/themes\/sassnex\/images\/icons\/angle_right.png\" alt=\"\" class=\"btn_icon btn_icon_1\"> <img src=\"https:\/\/blog.cfpco.fr\/wp-content\/themes\/sassnex\/images\/icons\/angle_right_r.png\" alt=\"\" class=\"btn_icon btn_icon_2\"><\/a>\n                    <\/div>\n                <\/div>    \n            <\/div>\n        <\/div>\n    <\/section>\n                                                 \n \n    \n    <section class=\"blog blog_shortcode\">\n        <div class=\"container\">  \n            <div class=\"row\">   \n\n                      \n\n                <div class=\"col-12 col-md-6 col-lg-4 \">\n                    <div class=\"signle_services single_services_3  wow fadeInUp\" data-wow-duration=\"2s\" data-wow-delay=\".4s\">\n                        <div class=\"blog_banner\">\n                            <a href=\"https:\/\/blog.cfpco.fr\/index.php\/2022\/11\/25\/6-recommandations-pour-pimper-votre-examen-neurologique\/\" title=\"\"><img src=\"\" alt=\"\"><\/a>\n                        <\/div>\n                        <h3><a href=\"https:\/\/blog.cfpco.fr\/index.php\/2022\/11\/25\/6-recommandations-pour-pimper-votre-examen-neurologique\/\" title=\"\">6 recommandations pour pimper votre examen neurologique<\/a><\/h3>\n                        <p>                                &nbsp; La prise en charge des douleurs li\u00e9es aux troubles nerveux fait partie du champ de comp\u00e9tence de la th\u00e9rapie manuelle, ainsi que l\u2019accompagnement...                                <\/p>\n                        <a href=\"https:\/\/blog.cfpco.fr\/index.php\/2022\/11\/25\/6-recommandations-pour-pimper-votre-examen-neurologique\/\" title=\"\">Lire la suite <img src=\"https:\/\/blog.cfpco.fr\/wp-content\/themes\/sassnex\/images\/icons\/angle_right.png\" alt=\"\" class=\"btn_icon btn_icon_1\"> <img src=\"https:\/\/blog.cfpco.fr\/wp-content\/themes\/sassnex\/images\/icons\/angle_right_r.png\" alt=\"\" class=\"btn_icon btn_icon_2\"><\/a>\n                    <\/div>\n                <\/div>            \n                \n                      \n\n                <div class=\"col-12 col-md-6 col-lg-4 \">\n                    <div class=\"signle_services single_services_3  wow fadeInUp\" data-wow-duration=\"2s\" data-wow-delay=\".4s\">\n                        <div class=\"blog_banner\">\n                            <a href=\"https:\/\/blog.cfpco.fr\/index.php\/2022\/06\/09\/douleur-dans-la-fesse-et-syndrome-du-piriforme-definitions-et-controverses\/\" title=\"\"><img src=\"\" alt=\"\"><\/a>\n                        <\/div>\n                        <h3><a href=\"https:\/\/blog.cfpco.fr\/index.php\/2022\/06\/09\/douleur-dans-la-fesse-et-syndrome-du-piriforme-definitions-et-controverses\/\" title=\"\">Douleur dans la fesse et syndrome du piriforme : d\u00e9finitions et controverses<\/a><\/h3>\n                        <p>                                COMPRENDRE CE QUI FONCTIONNE OU NE FONCTIONNE PAS\u00a0 . \u00a0 Cet article s\u2019adresse aux th\u00e9rapeutes manuels et aux patients qui souhaitent mieux comprendre, prendre...                                <\/p>\n                        <a href=\"https:\/\/blog.cfpco.fr\/index.php\/2022\/06\/09\/douleur-dans-la-fesse-et-syndrome-du-piriforme-definitions-et-controverses\/\" title=\"\">Lire la suite <img src=\"https:\/\/blog.cfpco.fr\/wp-content\/themes\/sassnex\/images\/icons\/angle_right.png\" alt=\"\" class=\"btn_icon btn_icon_1\"> <img src=\"https:\/\/blog.cfpco.fr\/wp-content\/themes\/sassnex\/images\/icons\/angle_right_r.png\" alt=\"\" class=\"btn_icon btn_icon_2\"><\/a>\n                    <\/div>\n                <\/div>            \n                \n                      \n\n                <div class=\"col-12 col-md-6 col-lg-4 \">\n                    <div class=\"signle_services single_services_3  wow fadeInUp\" data-wow-duration=\"2s\" data-wow-delay=\".4s\">\n                        <div class=\"blog_banner\">\n                            <a href=\"https:\/\/blog.cfpco.fr\/index.php\/2022\/03\/21\/les-voies-de-la-douleur-nexistent-pas\/\" title=\"\"><img src=\"\" alt=\"\"><\/a>\n                        <\/div>\n                        <h3><a href=\"https:\/\/blog.cfpco.fr\/index.php\/2022\/03\/21\/les-voies-de-la-douleur-nexistent-pas\/\" title=\"\">Les voies de la douleur n&rsquo;existent pas !<\/a><\/h3>\n                        <p>                                Bonjour \u00e0 tous, je suis ost\u00e9opathe et j\u2019ai r\u00e9cemment d\u00e9couvert une vid\u00e9o qui m\u2019a beaucoup aid\u00e9 \u00e0 g\u00e9rer des situations inconfortables, voire difficiles, au...                                <\/p>\n                        <a href=\"https:\/\/blog.cfpco.fr\/index.php\/2022\/03\/21\/les-voies-de-la-douleur-nexistent-pas\/\" title=\"\">Lire la suite <img src=\"https:\/\/blog.cfpco.fr\/wp-content\/themes\/sassnex\/images\/icons\/angle_right.png\" alt=\"\" class=\"btn_icon btn_icon_1\"> <img src=\"https:\/\/blog.cfpco.fr\/wp-content\/themes\/sassnex\/images\/icons\/angle_right_r.png\" alt=\"\" class=\"btn_icon btn_icon_2\"><\/a>\n                    <\/div>\n                <\/div>            \n                \n                 \n\n            <\/div>\n        <\/div>\n    <\/section>                              \n                                                                      \n \n    \n    <section class=\"need_help\">\n        <div class=\"container\">\n            <div class=\"row\">\n                <div class=\"col-12 col-md-12\">\n                    <div class=\"subscribe_wrapper justify-content-between d-flex \">   \n                        <div class=\"subscribe_title\">\n                            <h2>Retrouvez toutes nos formations<\/h2>\n                            <p>Nos programmes d&#039;enseignements ost\u00e9opathiques couvrent tous les secteurs de l&#039;ost\u00e9opathie (ost\u00e9opathie structurelle, ost\u00e9opathie visc\u00e9rale, ost\u00e9opathie cr\u00e2nienne, s\u00e9miologie, approche de la douleur...) ainsi que des pratiques issues d\u2019autres disciplines compl\u00e9mentaires (communication, marketing, acupuncture...).<\/p>\n                        <\/div>\n                        <a href=\"https:\/\/www.cfpco.fr\/\" class=\"chat_btn g-btn\">Retour au site<\/a>\n                    <\/div>\n                <\/div>\n            <\/div>\n        <\/div>\n    <\/section>                        \n                                                                      \n<\/p><\/div><\/div><\/div><\/div><\/div><\/div><\/div><\/div><div class=\"vce-row-container\"><div class=\"vce-row vce-row--col-gap-30 vce-row-columns--top vce-row-content--top\" id=\"el-fd19dbd4\" data-vce-do-apply=\"all el-fd19dbd4\"><div class=\"vce-row-content\" data-vce-element-content=\"true\"><div class=\"vce-col vce-col--md-auto vce-col--xs-1 vce-col--xs-last vce-col--xs-first vce-col--sm-last vce-col--sm-first vce-col--md-last vce-col--lg-last vce-col--xl-last vce-col--md-first vce-col--lg-first vce-col--xl-first\" id=\"el-17203f6a\"><div class=\"vce-col-inner\" data-vce-do-apply=\"border margin background  el-17203f6a\"><div class=\"vce-col-content\" data-vce-element-content=\"true\" data-vce-do-apply=\"padding el-17203f6a\"><\/div><\/div><\/div><\/div><\/div><\/div>\n","protected":false},"excerpt":{"rendered":"","protected":false},"author":5,"featured_media":0,"parent":0,"menu_order":0,"comment_status":"closed","ping_status":"closed","template":"page-templates\/home05.php","meta":[],"_links":{"self":[{"href":"https:\/\/blog.cfpco.fr\/index.php\/wp-json\/wp\/v2\/pages\/618"}],"collection":[{"href":"https:\/\/blog.cfpco.fr\/index.php\/wp-json\/wp\/v2\/pages"}],"about":[{"href":"https:\/\/blog.cfpco.fr\/index.php\/wp-json\/wp\/v2\/types\/page"}],"author":[{"embeddable":true,"href":"https:\/\/blog.cfpco.fr\/index.php\/wp-json\/wp\/v2\/users\/5"}],"replies":[{"embeddable":true,"href":"https:\/\/blog.cfpco.fr\/index.php\/wp-json\/wp\/v2\/comments?post=618"}],"version-history":[{"count":9,"href":"https:\/\/blog.cfpco.fr\/index.php\/wp-json\/wp\/v2\/pages\/618\/revisions"}],"predecessor-version":[{"id":791,"href":"https:\/\/blog.cfpco.fr\/index.php\/wp-json\/wp\/v2\/pages\/618\/revisions\/791"}],"wp:attachment":[{"href":"https:\/\/blog.cfpco.fr\/index.php\/wp-json\/wp\/v2\/media?parent=618"}],"curies":[{"name":"wp","href":"https:\/\/api.w.org\/{rel}","templated":true}]}}