{"id":621,"date":"2019-03-25T07:43:02","date_gmt":"2019-03-25T06:43:02","guid":{"rendered":"http:\/\/shtheme.com\/demosd\/sassnex\/?page_id=314"},"modified":"2020-09-20T20:56:55","modified_gmt":"2020-09-20T18:56:55","slug":"team-page","status":"publish","type":"page","link":"https:\/\/blog.cfpco.fr\/index.php\/team-page\/","title":{"rendered":"\u00c9quipe p\u00e9dagogique"},"content":{"rendered":"<div class=\"vce-row-container\"><div class=\"vce-row vce-row--col-gap-30 vce-row-columns--top vce-row-content--top\" id=\"el-a3232966\" data-vce-do-apply=\"all el-a3232966\"><div class=\"vce-row-content\" data-vce-element-content=\"true\"><div class=\"vce-col vce-col--md-auto vce-col--xs-1 vce-col--xs-last vce-col--xs-first vce-col--sm-last vce-col--sm-first vce-col--md-last vce-col--lg-last vce-col--xl-last vce-col--md-first vce-col--lg-first vce-col--xl-first\" id=\"el-d21cb2d2\"><div class=\"vce-col-inner\" data-vce-do-apply=\"border margin background  el-d21cb2d2\"><div class=\"vce-col-content\" data-vce-element-content=\"true\" data-vce-do-apply=\"padding el-d21cb2d2\"><div class=\"vce-text-block\"><div class=\"vce-text-block-wrapper vce\" id=\"el-3e913350\" data-vce-do-apply=\"all el-3e913350\"><p> \n    <div class=\"sassnex-bc\">\n        <div class=\"intro_wrapper\">\n            <div class=\"container\">  \n                <div class=\"row\">        \n                    <div class=\"col-sm-12 col-md-12 col-lg-12\">\n                        <div class=\"intro_text\">\n                            <h1 class=\"wow fadeInUp\" data-wow-duration=\"2s\" data-wow-delay=\".2s\">L'\u00c9quipe p\u00e9dagogique<\/h1>\n                            <div class=\"select_pages\">\n                                <a href=\"https:\/\/blog.cfpco.fr\/\" title=\"\">Home<\/a> <span>L'\u00c9quipe p\u00e9dagogique<\/span> \n                            <\/div>\n                        <\/div>\n                    <\/div>\n                <\/div>\n            <\/div> \n        <\/div>  \n    <\/div>                                                                     \n \n\n    <section class=\"team\" id=\"team_page_wrapper\">\n        <div class=\"container\">  \n            <div class=\"row\">        \n                <div class=\"col-sm-12 col-md-12 col-lg-12\">\n                    <div class=\"sub_title\">\n                        <h2>Nos enseignants<\/h2>\n                        <p>Notre \u00e9quipe p\u00e9dagogique est constitu\u00e9e de professionnels mondialement reconnus qui apportent un autre regard sur les pratiques ainsi que de nouvelles solutions th\u00e9rapeutiques.<\/p>\n                    <\/div>\n                <\/div>\n            <\/div>\n\n            <div class=\"row\"> \n                <div class=\"col-12 col-md-12 col-lg-12 p-0\">\n                    <div class=\"membar_wrapper\">\n\n                         \n\n                        <div class=\"signel_team\">\n                            <div class=\"team_pro\">\n                                <img src=\"https:\/\/blog.cfpco.fr\/wp-content\/uploads\/2020\/09\/cfpco_team_mathieu.png\" alt=\"\">\n                            <\/div>\n                            <h3><a href=\"\" title=\"\">Mathieu Schlachet<\/a><\/h3>\n                            <span class=\"sub_title\">Directeur du CFPCO<\/span>\n                            <ul class=\"social_iocns d-flex justify-content-center\">\n                                <li><a href=\"https:\/\/fr-fr.facebook.com\/mathieu.schlachet\"><i class=\"flaticon-facebook-logo icon_tw\"><\/i><\/a><\/li>\n                                <li><a href=\"https:\/\/twitter.com\/CFPCO\"><i class=\"flaticon-twitter icon_fb\"><\/i><\/a><\/li>\n                                <li><a href=\"https:\/\/www.instagram.com\/mat.schlachet\/\"><i class=\"flaticon-instagram-logo icon_pin\"><\/i><\/a><\/li>\n                                <li><a href=\"https:\/\/www.linkedin.com\/in\/mathieu-schlachet-42401988\/\"><i class=\"flaticon-linkedin-logo icon_link\"><\/i><\/a><\/li>\n                            <\/ul>\n                        <\/div>\n\n                         \n\n                        <div class=\"signel_team\">\n                            <div class=\"team_pro\">\n                                <img src=\"https:\/\/blog.cfpco.fr\/wp-content\/uploads\/2019\/03\/cfpco_team_karine.png\" alt=\"\">\n                            <\/div>\n                            <h3><a href=\"\" title=\"\">Karine Michelle<\/a><\/h3>\n                            <span class=\"sub_title\">Team CFPCO<\/span>\n                            <ul class=\"social_iocns d-flex justify-content-center\">\n                                <li><a href=\"https:\/\/fr-fr.facebook.com\/cfpco\/\"><i class=\"flaticon-facebook-logo icon_tw\"><\/i><\/a><\/li>\n                                <li><a href=\"https:\/\/twitter.com\/CFPCO\"><i class=\"flaticon-twitter icon_fb\"><\/i><\/a><\/li>\n                                <li><a href=\"https:\/\/www.instagram.com\/cfpco\/\"><i class=\"flaticon-instagram-logo icon_pin\"><\/i><\/a><\/li>\n                                <li><a href=\"https:\/\/www.linkedin.com\/company\/cfpco\/about\/\"><i class=\"flaticon-linkedin-logo icon_link\"><\/i><\/a><\/li>\n                            <\/ul>\n                        <\/div>\n\n                         \n\n                        <div class=\"signel_team\">\n                            <div class=\"team_pro\">\n                                <img src=\"https:\/\/blog.cfpco.fr\/wp-content\/uploads\/2019\/03\/cfpco_team_laurent_fabre.png\" alt=\"\">\n                            <\/div>\n                            <h3><a href=\"\" title=\"\">Laurent Fabre<\/a><\/h3>\n                            <span class=\"sub_title\">Ost\u00e9opathe<\/span>\n                            <ul class=\"social_iocns d-flex justify-content-center\">\n                                <li><a href=\"https:\/\/fr-fr.facebook.com\/cfpco\/\"><i class=\"flaticon-facebook-logo icon_tw\"><\/i><\/a><\/li>\n                                <li><a href=\"https:\/\/twitter.com\/CFPCO\"><i class=\"flaticon-twitter icon_fb\"><\/i><\/a><\/li>\n                                <li><a href=\"https:\/\/www.instagram.com\/cfpco\/\"><i class=\"flaticon-instagram-logo icon_pin\"><\/i><\/a><\/li>\n                                <li><a href=\"https:\/\/www.linkedin.com\/company\/cfpco\/about\/\"><i class=\"flaticon-linkedin-logo icon_link\"><\/i><\/a><\/li>\n                            <\/ul>\n                        <\/div>\n\n                         \n\n                        <div class=\"signel_team\">\n                            <div class=\"team_pro\">\n                                <img src=\"https:\/\/blog.cfpco.fr\/wp-content\/uploads\/2019\/03\/cfpco_team_erwann_fabre.png\" alt=\"\">\n                            <\/div>\n                            <h3><a href=\"\" title=\"\">Erwann Fabre<\/a><\/h3>\n                            <span class=\"sub_title\">Ost\u00e9opathe<\/span>\n                            <ul class=\"social_iocns d-flex justify-content-center\">\n                                <li><a href=\"https:\/\/fr-fr.facebook.com\/cfpco\/\"><i class=\"flaticon-facebook-logo icon_tw\"><\/i><\/a><\/li>\n                                <li><a href=\"https:\/\/twitter.com\/CFPCO\"><i class=\"flaticon-twitter icon_fb\"><\/i><\/a><\/li>\n                                <li><a href=\"https:\/\/www.instagram.com\/cfpco\/\"><i class=\"flaticon-instagram-logo icon_pin\"><\/i><\/a><\/li>\n                                <li><a href=\"https:\/\/www.linkedin.com\/company\/cfpco\/about\/\"><i class=\"flaticon-linkedin-logo icon_link\"><\/i><\/a><\/li>\n                            <\/ul>\n                        <\/div>\n\n                         \n\n                        <div class=\"signel_team\">\n                            <div class=\"team_pro\">\n                                <img src=\"https:\/\/blog.cfpco.fr\/wp-content\/uploads\/2019\/03\/cfpco_team_valerie_namer.png\" alt=\"\">\n                            <\/div>\n                            <h3><a href=\"\" title=\"\">Val\u00e9rie Namer<\/a><\/h3>\n                            <span class=\"sub_title\">Ost\u00e9opathe<\/span>\n                            <ul class=\"social_iocns d-flex justify-content-center\">\n                                <li><a href=\"https:\/\/fr-fr.facebook.com\/cfpco\/\"><i class=\"flaticon-facebook-logo icon_tw\"><\/i><\/a><\/li>\n                                <li><a href=\"https:\/\/twitter.com\/CFPCO\"><i class=\"flaticon-twitter icon_fb\"><\/i><\/a><\/li>\n                                <li><a href=\"https:\/\/www.instagram.com\/cfpco\/\"><i class=\"flaticon-instagram-logo icon_pin\"><\/i><\/a><\/li>\n                                <li><a href=\"https:\/\/www.linkedin.com\/company\/cfpco\/about\/\"><i class=\"flaticon-linkedin-logo icon_link\"><\/i><\/a><\/li>\n                            <\/ul>\n                        <\/div>\n\n                         \n\n                        <div class=\"signel_team\">\n                            <div class=\"team_pro\">\n                                <img src=\"https:\/\/blog.cfpco.fr\/wp-content\/uploads\/2019\/03\/cfpco_team_jean_paul_renner.png\" alt=\"\">\n                            <\/div>\n                            <h3><a href=\"\" title=\"\">Jean-Paul Renner<\/a><\/h3>\n                            <span class=\"sub_title\">Ost\u00e9opathe<\/span>\n                            <ul class=\"social_iocns d-flex justify-content-center\">\n                                <li><a href=\"https:\/\/fr-fr.facebook.com\/cfpco\/\"><i class=\"flaticon-facebook-logo icon_tw\"><\/i><\/a><\/li>\n                                <li><a href=\"https:\/\/twitter.com\/CFPCO\"><i class=\"flaticon-twitter icon_fb\"><\/i><\/a><\/li>\n                                <li><a href=\"https:\/\/www.instagram.com\/cfpco\/\"><i class=\"flaticon-instagram-logo icon_pin\"><\/i><\/a><\/li>\n                                <li><a href=\"https:\/\/www.linkedin.com\/company\/cfpco\/about\/\"><i class=\"flaticon-linkedin-logo icon_link\"><\/i><\/a><\/li>\n                            <\/ul>\n                        <\/div>\n\n                        \n                    <\/div>\n                <\/div>\n  \n            <\/div>\n        <\/div>\n    <\/section>\n                                                 \n<\/p><\/div><\/div><\/div><\/div><\/div><\/div><\/div><\/div>\n","protected":false},"excerpt":{"rendered":"","protected":false},"author":5,"featured_media":0,"parent":0,"menu_order":0,"comment_status":"closed","ping_status":"closed","template":"page-templates\/page-template.php","meta":[],"_links":{"self":[{"href":"https:\/\/blog.cfpco.fr\/index.php\/wp-json\/wp\/v2\/pages\/621"}],"collection":[{"href":"https:\/\/blog.cfpco.fr\/index.php\/wp-json\/wp\/v2\/pages"}],"about":[{"href":"https:\/\/blog.cfpco.fr\/index.php\/wp-json\/wp\/v2\/types\/page"}],"author":[{"embeddable":true,"href":"https:\/\/blog.cfpco.fr\/index.php\/wp-json\/wp\/v2\/users\/5"}],"replies":[{"embeddable":true,"href":"https:\/\/blog.cfpco.fr\/index.php\/wp-json\/wp\/v2\/comments?post=621"}],"version-history":[{"count":2,"href":"https:\/\/blog.cfpco.fr\/index.php\/wp-json\/wp\/v2\/pages\/621\/revisions"}],"predecessor-version":[{"id":796,"href":"https:\/\/blog.cfpco.fr\/index.php\/wp-json\/wp\/v2\/pages\/621\/revisions\/796"}],"wp:attachment":[{"href":"https:\/\/blog.cfpco.fr\/index.php\/wp-json\/wp\/v2\/media?parent=621"}],"curies":[{"name":"wp","href":"https:\/\/api.w.org\/{rel}","templated":true}]}}